{"id":1769,"date":"2019-01-13T20:58:46","date_gmt":"2019-01-13T20:58:46","guid":{"rendered":"http:\/\/www.cidadesdomeubrasil.com.br\/blog\/?page_id=1769"},"modified":"2025-12-02T14:19:03","modified_gmt":"2025-12-02T14:19:03","slug":"fale-conosco","status":"publish","type":"page","link":"https:\/\/www.cidadesdomeubrasil.com.br\/blog\/fale-conosco\/","title":{"rendered":"Fale Conosco"},"content":{"rendered":"<p><a href=\"http:\/\/www.cidadesdomeubrasil.com.br\/blog\/wp-content\/uploads\/2015\/11\/logo.png\"><img loading=\"lazy\" decoding=\"async\" data-attachment-id=\"893\" data-permalink=\"https:\/\/www.cidadesdomeubrasil.com.br\/blog\/fale-conosco\/logo\/\" data-orig-file=\"https:\/\/www.cidadesdomeubrasil.com.br\/blog\/wp-content\/uploads\/2015\/11\/logo.png\" data-orig-size=\"347,80\" data-comments-opened=\"1\" data-image-meta=\"{&quot;aperture&quot;:&quot;0&quot;,&quot;credit&quot;:&quot;&quot;,&quot;camera&quot;:&quot;&quot;,&quot;caption&quot;:&quot;&quot;,&quot;created_timestamp&quot;:&quot;0&quot;,&quot;copyright&quot;:&quot;&quot;,&quot;focal_length&quot;:&quot;0&quot;,&quot;iso&quot;:&quot;0&quot;,&quot;shutter_speed&quot;:&quot;0&quot;,&quot;title&quot;:&quot;&quot;,&quot;orientation&quot;:&quot;0&quot;}\" data-image-title=\"logo\" data-image-description=\"\" data-image-caption=\"\" data-medium-file=\"https:\/\/www.cidadesdomeubrasil.com.br\/blog\/wp-content\/uploads\/2015\/11\/logo-300x69.png\" data-large-file=\"https:\/\/www.cidadesdomeubrasil.com.br\/blog\/wp-content\/uploads\/2015\/11\/logo.png\" class=\"aligncenter size-full wp-image-893\" src=\"http:\/\/www.cidadesdomeubrasil.com.br\/blog\/wp-content\/uploads\/2015\/11\/logo.png\" alt=\"\" width=\"347\" height=\"80\" srcset=\"https:\/\/www.cidadesdomeubrasil.com.br\/blog\/wp-content\/uploads\/2015\/11\/logo.png 347w, https:\/\/www.cidadesdomeubrasil.com.br\/blog\/wp-content\/uploads\/2015\/11\/logo-300x69.png 300w\" sizes=\"auto, (max-width: 347px) 100vw, 347px\" \/><\/a><\/p>\n<p class=\"western\" style=\"text-align: center;\"><strong>MUITO OBRIGADO PELA SUA VISITA, N\u00d3S QUEREMOS OUVIR VOC\u00ca!<\/strong><\/p>\n<p><strong>D\u00favidas Frequentes:<\/strong><\/p>\n<ul>\n<li>Se deseja informa\u00e7\u00f5es sobre<strong> pessoas desaparecidas<\/strong> pode utilizar nosso <a href=\"https:\/\/www.cidadesdomeubrasil.com.br\/desaparecidos.php\">servi\u00e7o gratuito.<\/a><\/li>\n<li>Se voc\u00ea quer contar alguma hist\u00f3ria, poema, fazer den\u00fancia, divulgar eventos ou locais de sua cidade, pode <a href=\"https:\/\/www.cidadesdomeubrasil.com.br\/areavip\/registro.php\">fazer um cadastro gratuitamente<\/a> e criar sua publica\u00e7\u00e3o (<strong>os textos s\u00e3o analisados antes da libera\u00e7\u00e3o<\/strong>);<\/li>\n<li><strong>N\u00e3o temos v\u00ednculos<\/strong> com prefeituras, hospitais ou cart\u00f3rios, todos dados publicados s\u00e3o importados de sites oficiais do Governo Federal;<\/li>\n<li>Para publica\u00e7\u00e3o de artigos de <strong>autoria pr\u00f3pria ou autorizado por terceiros<\/strong> com foco na utilidade p\u00fablica, <strong>sem links<\/strong> para sites particulares <strong>nem refer\u00eancias comerciais<\/strong> n\u00e3o cobramos pela publica\u00e7\u00e3o.<\/li>\n<li>Para <strong>textos comerciais<\/strong> e\/ou maiores informa\u00e7\u00f5es sobre publicidade em nosso Portal, por favor acesse nosso <strong><a href=\"http:\/\/www.cidadesdomeubrasil.com.br\/blog\/wp-content\/uploads\/2022\/04\/Midiakit.pdf\">M\u00eddia kit<\/a>.<\/strong><\/li>\n<li>D\u00favidas sobre textos encontrados na se\u00e7\u00e3o de not\u00edcias ou resultados de buscas, por favor leia nossas <strong><a href=\"https:\/\/www.cidadesdomeubrasil.com.br\/blog\/politicas-de-privacidade\">Pol\u00edticas de Privacidade e Termos de Uso<\/a><\/strong>.<\/li>\n<\/ul>\n<h3>Formul\u00e1rio de Contato<\/h3>\n\n<div class=\"wpcf7 no-js\" id=\"wpcf7-f83226-o1\" lang=\"pt-BR\" dir=\"ltr\" data-wpcf7-id=\"83226\">\n<div class=\"screen-reader-response\"><p role=\"status\" aria-live=\"polite\" aria-atomic=\"true\"><\/p> <ul><\/ul><\/div>\n<form action=\"\/blog\/wp-json\/wp\/v2\/pages\/1769#wpcf7-f83226-o1\" method=\"post\" class=\"wpcf7-form init\" aria-label=\"Formul\u00e1rios de contato\" novalidate=\"novalidate\" data-status=\"init\">\n<fieldset class=\"hidden-fields-container\"><input type=\"hidden\" name=\"_wpcf7\" value=\"83226\" \/><input type=\"hidden\" name=\"_wpcf7_version\" value=\"6.1.4\" \/><input type=\"hidden\" name=\"_wpcf7_locale\" value=\"pt_BR\" \/><input type=\"hidden\" name=\"_wpcf7_unit_tag\" value=\"wpcf7-f83226-o1\" \/><input type=\"hidden\" name=\"_wpcf7_container_post\" value=\"0\" \/><input type=\"hidden\" name=\"_wpcf7_posted_data_hash\" value=\"\" \/>\n<\/fieldset>\n<p><label> Seu nome<br \/>\n<span class=\"wpcf7-form-control-wrap\" data-name=\"your-name\"><input size=\"40\" maxlength=\"400\" class=\"wpcf7-form-control wpcf7-text wpcf7-validates-as-required\" autocomplete=\"name\" aria-required=\"true\" aria-invalid=\"false\" value=\"\" type=\"text\" name=\"your-name\" \/><\/span> <\/label>\n<\/p>\n<p><label> Seu e-mail<br \/>\n<span class=\"wpcf7-form-control-wrap\" data-name=\"your-email\"><input size=\"40\" maxlength=\"400\" class=\"wpcf7-form-control wpcf7-email wpcf7-validates-as-required wpcf7-text wpcf7-validates-as-email\" autocomplete=\"email\" aria-required=\"true\" aria-invalid=\"false\" value=\"\" type=\"email\" name=\"your-email\" \/><\/span> <\/label>\n<\/p>\n<p><label> Assunto<br \/>\n<span class=\"wpcf7-form-control-wrap\" data-name=\"your-subject\"><input size=\"40\" maxlength=\"400\" class=\"wpcf7-form-control wpcf7-text wpcf7-validates-as-required\" aria-required=\"true\" aria-invalid=\"false\" value=\"\" type=\"text\" name=\"your-subject\" \/><\/span> <\/label>\n<\/p>\n<p><label> Sua mensagem<br \/>\n<span class=\"wpcf7-form-control-wrap\" data-name=\"your-message\"><textarea cols=\"40\" rows=\"10\" maxlength=\"2000\" class=\"wpcf7-form-control wpcf7-textarea\" aria-invalid=\"false\" name=\"your-message\"><\/textarea><\/span> <\/label>\n<\/p>\n<p><input class=\"wpcf7-form-control wpcf7-submit has-spinner\" type=\"submit\" value=\"Enviar\" \/>\n<\/p>\n<div class=\"wpcf7-turnstile cf-turnstile\" data-sitekey=\"0x4AAAAAACETkUgtxIEagU17\" data-response-field-name=\"_wpcf7_turnstile_response\" data-size=\"compact\" data-language=\"pt\"><\/div><p style=\"display: none !important;\" class=\"akismet-fields-container\" data-prefix=\"_wpcf7_ak_\"><label>&#916;<textarea name=\"_wpcf7_ak_hp_textarea\" cols=\"45\" rows=\"8\" maxlength=\"100\"><\/textarea><\/label><input type=\"hidden\" id=\"ak_js_1\" name=\"_wpcf7_ak_js\" value=\"233\"\/><script>document.getElementById( \"ak_js_1\" ).setAttribute( \"value\", ( new Date() ).getTime() );<\/script><\/p><div class=\"wpcf7-response-output\" aria-hidden=\"true\"><\/div>\n<\/form>\n<\/div>\n\n<h3>Conhe\u00e7a nossos Servi\u00e7os<\/h3>\n<div class=\"box04-1\">\n<ul class=\"sMenu\">\n<li><a href=\"https:\/\/www.cidadesdomeubrasil.com.br\/calendario\/\"><i class=\"fa-regular fa-calendar-check\"><\/i> Datas Comemoartivas<\/a><\/li>\n<li><a href=\"https:\/\/www.cidadesdomeubrasil.com.br\/cep\"><i class=\"fa-solid fa-location-dot\"><\/i> Consulta de CEP e Endere\u00e7os<\/a><\/li>\n<li><a href=\"https:\/\/reservas.cidadesdomeubrasil.com.br\/\"><i class=\"fas fa-plane\"><\/i> Hoteis &amp; Passagens A\u00e9reas<\/a><\/li>\n<li><a href=\"https:\/\/www.cidadesdomeubrasil.com.br\/minuto-de-sabedoria\"><i class=\"fa-solid fa-dove\"><\/i> Minuto de Sabedoria<\/a><\/li>\n<li><a href=\"https:\/\/www.cidadesdomeubrasil.com.br\/desaparecidos.php\"><i class=\"fa-solid fa-person-circle-question\"><\/i> Pessoas Desaparecidas<\/a><\/li>\n<li><a href=\"https:\/\/www.cidadesdomeubrasil.com.br\/empregos\"><i class=\"fa-solid fa-person-digging\"><\/i> Vagas Empregos<\/a><\/li>\n<li class=\"dropdown\"><a class=\"dropdown-toggle\" role=\"button\" href=\"https:\/\/www.cidadesdomeubrasil.com.br\/brasileiro\/a\" data-toggle=\"dropdown\" aria-expanded=\"false\"><i class=\"fa-solid fa-futbol\"><\/i> Futebol<\/a><\/li>\n<li><a href=\"https:\/\/cartaodevisitagratis.com\/\"><i class=\"fa-solid fa-address-card\"><\/i> Cart\u00e3o de Visita Online<\/a><\/li>\n<li><a href=\"https:\/\/jesusreinaonline.com\/\"><i class=\"fa-solid fa-person-praying\"><\/i> B\u00edblia Online<\/a><\/li>\n<li><a href=\"http:\/\/baixar.mus.br\/\"><i class=\"fas fa-music\"><\/i> Letras de M\u00fasicas<\/a><\/li>\n<li><a href=\"https:\/\/vestidosemodelos.com.br\/\"><i class=\"fa-solid fa-cart-shopping\"><\/i> Shopping<\/a><\/li>\n<\/ul>\n<\/div>\n","protected":false},"excerpt":{"rendered":"<p>MUITO OBRIGADO PELA SUA VISITA, N\u00d3S QUEREMOS OUVIR VOC\u00ca! D\u00favidas Frequentes: Se deseja informa\u00e7\u00f5es sobre pessoas desaparecidas pode utilizar nosso servi\u00e7o gratuito. Se voc\u00ea quer contar alguma hist\u00f3ria, poema, fazer den\u00fancia, divulgar eventos ou locais de sua cidade, pode fazer um cadastro gratuitamente e criar sua publica\u00e7\u00e3o (os textos s\u00e3o analisados antes da libera\u00e7\u00e3o); N\u00e3o [&hellip;] <a class=\"g1-link g1-link-more\" href=\"https:\/\/www.cidadesdomeubrasil.com.br\/blog\/fale-conosco\/\">Mais<\/a><\/p>\n","protected":false},"author":1,"featured_media":893,"parent":0,"menu_order":0,"comment_status":"closed","ping_status":"closed","template":"","meta":{"jetpack_post_was_ever_published":false,"footnotes":""},"class_list":["post-1769","page","type-page","status-publish","has-post-thumbnail"],"yoast_head":"<!-- This site is optimized with the Yoast SEO plugin v26.5 - https:\/\/yoast.com\/wordpress\/plugins\/seo\/ -->\n<title>Fale Conosco - Blog Brasil<\/title>\n<meta name=\"robots\" content=\"index, follow, max-snippet:-1, max-image-preview:large, max-video-preview:-1\" \/>\n<link rel=\"canonical\" href=\"https:\/\/www.cidadesdomeubrasil.com.br\/blog\/fale-conosco\/\" \/>\n<meta property=\"og:locale\" content=\"pt_BR\" \/>\n<meta property=\"og:type\" content=\"article\" \/>\n<meta property=\"og:title\" content=\"Fale Conosco - Blog Brasil\" \/>\n<meta property=\"og:description\" content=\"MUITO OBRIGADO PELA SUA VISITA, N\u00d3S QUEREMOS OUVIR VOC\u00ca! D\u00favidas Frequentes: Se deseja informa\u00e7\u00f5es sobre pessoas desaparecidas pode utilizar nosso servi\u00e7o gratuito. Se voc\u00ea quer contar alguma hist\u00f3ria, poema, fazer den\u00fancia, divulgar eventos ou locais de sua cidade, pode fazer um cadastro gratuitamente e criar sua publica\u00e7\u00e3o (os textos s\u00e3o analisados antes da libera\u00e7\u00e3o); N\u00e3o [&hellip;] Mais\" \/>\n<meta property=\"og:url\" content=\"https:\/\/www.cidadesdomeubrasil.com.br\/blog\/fale-conosco\/\" \/>\n<meta property=\"og:site_name\" content=\"Blog Brasil\" \/>\n<meta property=\"article:publisher\" content=\"https:\/\/web.facebook.com\/cidades.do.meu.Brasil\" \/>\n<meta property=\"article:modified_time\" content=\"2025-12-02T14:19:03+00:00\" \/>\n<meta property=\"og:image\" content=\"http:\/\/www.cidadesdomeubrasil.com.br\/blog\/wp-content\/uploads\/2015\/11\/logo.png\" \/>\n\t<meta property=\"og:image:width\" content=\"347\" \/>\n\t<meta property=\"og:image:height\" content=\"80\" \/>\n\t<meta property=\"og:image:type\" content=\"image\/png\" \/>\n<meta name=\"twitter:card\" content=\"summary_large_image\" \/>\n<meta name=\"twitter:label1\" content=\"Est. tempo de leitura\" \/>\n\t<meta name=\"twitter:data1\" content=\"2 minutos\" \/>\n<script type=\"application\/ld+json\" class=\"yoast-schema-graph\">{\"@context\":\"https:\/\/schema.org\",\"@graph\":[{\"@type\":\"WebPage\",\"@id\":\"https:\/\/www.cidadesdomeubrasil.com.br\/blog\/fale-conosco\/\",\"url\":\"https:\/\/www.cidadesdomeubrasil.com.br\/blog\/fale-conosco\/\",\"name\":\"Fale Conosco - Blog Brasil\",\"isPartOf\":{\"@id\":\"https:\/\/www.cidadesdomeubrasil.com.br\/blog\/#website\"},\"primaryImageOfPage\":{\"@id\":\"https:\/\/www.cidadesdomeubrasil.com.br\/blog\/fale-conosco\/#primaryimage\"},\"image\":{\"@id\":\"https:\/\/www.cidadesdomeubrasil.com.br\/blog\/fale-conosco\/#primaryimage\"},\"thumbnailUrl\":\"https:\/\/www.cidadesdomeubrasil.com.br\/blog\/wp-content\/uploads\/2015\/11\/logo.png\",\"datePublished\":\"2019-01-13T20:58:46+00:00\",\"dateModified\":\"2025-12-02T14:19:03+00:00\",\"breadcrumb\":{\"@id\":\"https:\/\/www.cidadesdomeubrasil.com.br\/blog\/fale-conosco\/#breadcrumb\"},\"inLanguage\":\"pt-BR\",\"potentialAction\":[{\"@type\":\"ReadAction\",\"target\":[\"https:\/\/www.cidadesdomeubrasil.com.br\/blog\/fale-conosco\/\"]}]},{\"@type\":\"ImageObject\",\"inLanguage\":\"pt-BR\",\"@id\":\"https:\/\/www.cidadesdomeubrasil.com.br\/blog\/fale-conosco\/#primaryimage\",\"url\":\"https:\/\/www.cidadesdomeubrasil.com.br\/blog\/wp-content\/uploads\/2015\/11\/logo.png\",\"contentUrl\":\"https:\/\/www.cidadesdomeubrasil.com.br\/blog\/wp-content\/uploads\/2015\/11\/logo.png\",\"width\":347,\"height\":80},{\"@type\":\"BreadcrumbList\",\"@id\":\"https:\/\/www.cidadesdomeubrasil.com.br\/blog\/fale-conosco\/#breadcrumb\",\"itemListElement\":[{\"@type\":\"ListItem\",\"position\":1,\"name\":\"In\u00edcio\",\"item\":\"https:\/\/www.cidadesdomeubrasil.com.br\/blog\/\"},{\"@type\":\"ListItem\",\"position\":2,\"name\":\"Fale Conosco\"}]},{\"@type\":\"WebSite\",\"@id\":\"https:\/\/www.cidadesdomeubrasil.com.br\/blog\/#website\",\"url\":\"https:\/\/www.cidadesdomeubrasil.com.br\/blog\/\",\"name\":\"Blog Brasil\",\"description\":\"Utilidade P\u00fablica, Turismo e tudo mais para voc\u00ea!\",\"publisher\":{\"@id\":\"https:\/\/www.cidadesdomeubrasil.com.br\/blog\/#organization\"},\"potentialAction\":[{\"@type\":\"SearchAction\",\"target\":{\"@type\":\"EntryPoint\",\"urlTemplate\":\"https:\/\/www.cidadesdomeubrasil.com.br\/blog\/?s={search_term_string}\"},\"query-input\":{\"@type\":\"PropertyValueSpecification\",\"valueRequired\":true,\"valueName\":\"search_term_string\"}}],\"inLanguage\":\"pt-BR\"},{\"@type\":[\"Organization\",\"Place\"],\"@id\":\"https:\/\/www.cidadesdomeubrasil.com.br\/blog\/#organization\",\"name\":\"Cidades do meu Brasil\",\"url\":\"https:\/\/www.cidadesdomeubrasil.com.br\/blog\/\",\"logo\":{\"@id\":\"https:\/\/www.cidadesdomeubrasil.com.br\/blog\/fale-conosco\/#local-main-organization-logo\"},\"image\":{\"@id\":\"https:\/\/www.cidadesdomeubrasil.com.br\/blog\/fale-conosco\/#local-main-organization-logo\"},\"sameAs\":[\"https:\/\/web.facebook.com\/cidades.do.meu.Brasil\",\"https:\/\/www.youtube.com\/channel\/UCCA5Gj67lVNVC4eJFQu4rnA\"],\"openingHoursSpecification\":[{\"@type\":\"OpeningHoursSpecification\",\"dayOfWeek\":[\"Sunday\",\"Monday\",\"Tuesday\",\"Wednesday\",\"Thursday\",\"Friday\",\"Saturday\"],\"opens\":\"09:00\",\"closes\":\"17:00\"}]},{\"@type\":\"ImageObject\",\"inLanguage\":\"pt-BR\",\"@id\":\"https:\/\/www.cidadesdomeubrasil.com.br\/blog\/fale-conosco\/#local-main-organization-logo\",\"url\":\"https:\/\/www.cidadesdomeubrasil.com.br\/blog\/wp-content\/uploads\/2015\/11\/logo.png\",\"contentUrl\":\"https:\/\/www.cidadesdomeubrasil.com.br\/blog\/wp-content\/uploads\/2015\/11\/logo.png\",\"width\":347,\"height\":80,\"caption\":\"Cidades do meu Brasil\"}]}<\/script>\n<!-- \/ Yoast SEO plugin. -->","yoast_head_json":{"title":"Fale Conosco - Blog Brasil","robots":{"index":"index","follow":"follow","max-snippet":"max-snippet:-1","max-image-preview":"max-image-preview:large","max-video-preview":"max-video-preview:-1"},"canonical":"https:\/\/www.cidadesdomeubrasil.com.br\/blog\/fale-conosco\/","og_locale":"pt_BR","og_type":"article","og_title":"Fale Conosco - Blog Brasil","og_description":"MUITO OBRIGADO PELA SUA VISITA, N\u00d3S QUEREMOS OUVIR VOC\u00ca! D\u00favidas Frequentes: Se deseja informa\u00e7\u00f5es sobre pessoas desaparecidas pode utilizar nosso servi\u00e7o gratuito. Se voc\u00ea quer contar alguma hist\u00f3ria, poema, fazer den\u00fancia, divulgar eventos ou locais de sua cidade, pode fazer um cadastro gratuitamente e criar sua publica\u00e7\u00e3o (os textos s\u00e3o analisados antes da libera\u00e7\u00e3o); N\u00e3o [&hellip;] Mais","og_url":"https:\/\/www.cidadesdomeubrasil.com.br\/blog\/fale-conosco\/","og_site_name":"Blog Brasil","article_publisher":"https:\/\/web.facebook.com\/cidades.do.meu.Brasil","article_modified_time":"2025-12-02T14:19:03+00:00","og_image":[{"width":347,"height":80,"url":"http:\/\/www.cidadesdomeubrasil.com.br\/blog\/wp-content\/uploads\/2015\/11\/logo.png","type":"image\/png"}],"twitter_card":"summary_large_image","twitter_misc":{"Est. tempo de leitura":"2 minutos"},"schema":{"@context":"https:\/\/schema.org","@graph":[{"@type":"WebPage","@id":"https:\/\/www.cidadesdomeubrasil.com.br\/blog\/fale-conosco\/","url":"https:\/\/www.cidadesdomeubrasil.com.br\/blog\/fale-conosco\/","name":"Fale Conosco - Blog Brasil","isPartOf":{"@id":"https:\/\/www.cidadesdomeubrasil.com.br\/blog\/#website"},"primaryImageOfPage":{"@id":"https:\/\/www.cidadesdomeubrasil.com.br\/blog\/fale-conosco\/#primaryimage"},"image":{"@id":"https:\/\/www.cidadesdomeubrasil.com.br\/blog\/fale-conosco\/#primaryimage"},"thumbnailUrl":"https:\/\/www.cidadesdomeubrasil.com.br\/blog\/wp-content\/uploads\/2015\/11\/logo.png","datePublished":"2019-01-13T20:58:46+00:00","dateModified":"2025-12-02T14:19:03+00:00","breadcrumb":{"@id":"https:\/\/www.cidadesdomeubrasil.com.br\/blog\/fale-conosco\/#breadcrumb"},"inLanguage":"pt-BR","potentialAction":[{"@type":"ReadAction","target":["https:\/\/www.cidadesdomeubrasil.com.br\/blog\/fale-conosco\/"]}]},{"@type":"ImageObject","inLanguage":"pt-BR","@id":"https:\/\/www.cidadesdomeubrasil.com.br\/blog\/fale-conosco\/#primaryimage","url":"https:\/\/www.cidadesdomeubrasil.com.br\/blog\/wp-content\/uploads\/2015\/11\/logo.png","contentUrl":"https:\/\/www.cidadesdomeubrasil.com.br\/blog\/wp-content\/uploads\/2015\/11\/logo.png","width":347,"height":80},{"@type":"BreadcrumbList","@id":"https:\/\/www.cidadesdomeubrasil.com.br\/blog\/fale-conosco\/#breadcrumb","itemListElement":[{"@type":"ListItem","position":1,"name":"In\u00edcio","item":"https:\/\/www.cidadesdomeubrasil.com.br\/blog\/"},{"@type":"ListItem","position":2,"name":"Fale Conosco"}]},{"@type":"WebSite","@id":"https:\/\/www.cidadesdomeubrasil.com.br\/blog\/#website","url":"https:\/\/www.cidadesdomeubrasil.com.br\/blog\/","name":"Blog Brasil","description":"Utilidade P\u00fablica, Turismo e tudo mais para voc\u00ea!","publisher":{"@id":"https:\/\/www.cidadesdomeubrasil.com.br\/blog\/#organization"},"potentialAction":[{"@type":"SearchAction","target":{"@type":"EntryPoint","urlTemplate":"https:\/\/www.cidadesdomeubrasil.com.br\/blog\/?s={search_term_string}"},"query-input":{"@type":"PropertyValueSpecification","valueRequired":true,"valueName":"search_term_string"}}],"inLanguage":"pt-BR"},{"@type":["Organization","Place"],"@id":"https:\/\/www.cidadesdomeubrasil.com.br\/blog\/#organization","name":"Cidades do meu Brasil","url":"https:\/\/www.cidadesdomeubrasil.com.br\/blog\/","logo":{"@id":"https:\/\/www.cidadesdomeubrasil.com.br\/blog\/fale-conosco\/#local-main-organization-logo"},"image":{"@id":"https:\/\/www.cidadesdomeubrasil.com.br\/blog\/fale-conosco\/#local-main-organization-logo"},"sameAs":["https:\/\/web.facebook.com\/cidades.do.meu.Brasil","https:\/\/www.youtube.com\/channel\/UCCA5Gj67lVNVC4eJFQu4rnA"],"openingHoursSpecification":[{"@type":"OpeningHoursSpecification","dayOfWeek":["Sunday","Monday","Tuesday","Wednesday","Thursday","Friday","Saturday"],"opens":"09:00","closes":"17:00"}]},{"@type":"ImageObject","inLanguage":"pt-BR","@id":"https:\/\/www.cidadesdomeubrasil.com.br\/blog\/fale-conosco\/#local-main-organization-logo","url":"https:\/\/www.cidadesdomeubrasil.com.br\/blog\/wp-content\/uploads\/2015\/11\/logo.png","contentUrl":"https:\/\/www.cidadesdomeubrasil.com.br\/blog\/wp-content\/uploads\/2015\/11\/logo.png","width":347,"height":80,"caption":"Cidades do meu Brasil"}]}},"wps_subtitle":"Manda pra gente suas perguntas, cr\u00edticas ou sugest\u00f5es","jetpack_shortlink":"https:\/\/wp.me\/P52h2W-sx","jetpack_sharing_enabled":false,"_links":{"self":[{"href":"https:\/\/www.cidadesdomeubrasil.com.br\/blog\/wp-json\/wp\/v2\/pages\/1769","targetHints":{"allow":["GET"]}}],"collection":[{"href":"https:\/\/www.cidadesdomeubrasil.com.br\/blog\/wp-json\/wp\/v2\/pages"}],"about":[{"href":"https:\/\/www.cidadesdomeubrasil.com.br\/blog\/wp-json\/wp\/v2\/types\/page"}],"author":[{"embeddable":true,"href":"https:\/\/www.cidadesdomeubrasil.com.br\/blog\/wp-json\/wp\/v2\/users\/1"}],"replies":[{"embeddable":true,"href":"https:\/\/www.cidadesdomeubrasil.com.br\/blog\/wp-json\/wp\/v2\/comments?post=1769"}],"version-history":[{"count":15,"href":"https:\/\/www.cidadesdomeubrasil.com.br\/blog\/wp-json\/wp\/v2\/pages\/1769\/revisions"}],"predecessor-version":[{"id":83232,"href":"https:\/\/www.cidadesdomeubrasil.com.br\/blog\/wp-json\/wp\/v2\/pages\/1769\/revisions\/83232"}],"wp:featuredmedia":[{"embeddable":true,"href":"https:\/\/www.cidadesdomeubrasil.com.br\/blog\/wp-json\/wp\/v2\/media\/893"}],"wp:attachment":[{"href":"https:\/\/www.cidadesdomeubrasil.com.br\/blog\/wp-json\/wp\/v2\/media?parent=1769"}],"curies":[{"name":"wp","href":"https:\/\/api.w.org\/{rel}","templated":true}]}}